{"id":61,"date":"2026-01-06T11:42:37","date_gmt":"2026-01-06T11:42:37","guid":{"rendered":"https:\/\/komm-technik.altmannsberger.info\/?page_id=61"},"modified":"2026-01-06T11:42:37","modified_gmt":"2026-01-06T11:42:37","slug":"impressum","status":"publish","type":"page","link":"https:\/\/komm-technik.altmannsberger.info\/index.php\/impressum\/","title":{"rendered":"Impressum"},"content":{"rendered":"\n<p>KommTechnik G\u00f6ttingen GmbH<br>Hans-B\u00f6ckler-Str. 2<br>37079 G\u00f6ttingen<\/p>\n\n\n\n<p><\/p>\n\n\n\n<p><\/p>\n\n\n\n<p>Tel. 0551\/29136579<\/p>\n\n\n\n<p>info@komm-technik.de<\/p>\n\n\n\n<p>Amtsgericht G\u00f6ttingen | Handelsregister: HRB 206314<\/p>\n\n\n\n<p>Gesch\u00e4ftsf\u00fchrer Christian Zinn<br><br>USt-IdNr.: DE343399695<\/p>\n","protected":false},"excerpt":{"rendered":"<p>KommTechnik G\u00f6ttingen GmbHHans-B\u00f6ckler-Str. 237079 G\u00f6ttingen Tel. 0551\/29136579 info@komm-technik.de Amtsgericht G\u00f6ttingen | Handelsregister: HRB 206314 Gesch\u00e4ftsf\u00fchrer Christian Zinn USt-IdNr.: DE343399695<\/p>\n","protected":false},"author":1,"featured_media":0,"parent":0,"menu_order":0,"comment_status":"closed","ping_status":"closed","template":"","meta":{"footnotes":""},"class_list":["post-61","page","type-page","status-publish","hentry"],"_links":{"self":[{"href":"https:\/\/komm-technik.altmannsberger.info\/index.php\/wp-json\/wp\/v2\/pages\/61","targetHints":{"allow":["GET"]}}],"collection":[{"href":"https:\/\/komm-technik.altmannsberger.info\/index.php\/wp-json\/wp\/v2\/pages"}],"about":[{"href":"https:\/\/komm-technik.altmannsberger.info\/index.php\/wp-json\/wp\/v2\/types\/page"}],"author":[{"embeddable":true,"href":"https:\/\/komm-technik.altmannsberger.info\/index.php\/wp-json\/wp\/v2\/users\/1"}],"replies":[{"embeddable":true,"href":"https:\/\/komm-technik.altmannsberger.info\/index.php\/wp-json\/wp\/v2\/comments?post=61"}],"version-history":[{"count":1,"href":"https:\/\/komm-technik.altmannsberger.info\/index.php\/wp-json\/wp\/v2\/pages\/61\/revisions"}],"predecessor-version":[{"id":62,"href":"https:\/\/komm-technik.altmannsberger.info\/index.php\/wp-json\/wp\/v2\/pages\/61\/revisions\/62"}],"wp:attachment":[{"href":"https:\/\/komm-technik.altmannsberger.info\/index.php\/wp-json\/wp\/v2\/media?parent=61"}],"curies":[{"name":"wp","href":"https:\/\/api.w.org\/{rel}","templated":true}]}}