{"id":85,"date":"2026-01-06T12:39:27","date_gmt":"2026-01-06T12:39:27","guid":{"rendered":"https:\/\/komm-technik.altmannsberger.info\/?page_id=85"},"modified":"2026-01-06T12:41:12","modified_gmt":"2026-01-06T12:41:12","slug":"haeufig-gestellte-fragen","status":"publish","type":"page","link":"https:\/\/komm-technik.altmannsberger.info\/index.php\/haeufig-gestellte-fragen\/","title":{"rendered":"H\u00e4ufig gestellte Fragen"},"content":{"rendered":"<p><!--more--><!--more-->F: F\u00fcr welche Unternehmensgr\u00f6\u00dfe bieten Sie Ihre IT Dienstleistung an?<\/p>\n<p style=\"padding-left: 40px;\">A: Wir betreuen vorwiegend kleine und mittelst\u00e4ndische Unternehmen mit 10 bis 250 Mitarbeitern. Unser Leistungsportfolio ist speziell auf die Bed\u00fcrfnisse dieser Unternehmen zugeschnitten, wir haben aber auch Erfahrung mit gr\u00f6\u00dferen Organisationen in spezifischen Projekten.<\/p>\n<p>&nbsp;<\/p>\n<p>F: Wie schnell k\u00f6nnen Sie bei IT-Problemen vor Ort sein?<\/p>\n<p style=\"padding-left: 40px;\">A: F\u00fcr unsere Vertragskunden in M\u00fcnchen garantieren wir Reaktionszeiten w\u00e4hrend der Gesch\u00e4ftszeiten. Bei kritischen Problemen sind wir auch au\u00dferhalb der Gesch\u00e4ftszeiten f\u00fcr Sie da. Viele Probleme k\u00f6nnen wir zudem per Fernwartung sofort beheben.<\/p>\n<p>&nbsp;<\/p>\n<p>F: Welche Support-Modelle bieten Sie an?<\/p>\n<p style=\"padding-left: 40px;\">A: Wir bieten verschiedene Support-Modelle an \u2013 von Pay-per-Use \u00fcber Stundenkontingente bis hin zu All-inclusive-Paketen mit festen monatlichen Geb\u00fchren. In einem pers\u00f6nlichen Gespr\u00e4ch ermitteln wir das f\u00fcr Ihre Anforderungen passende Modell.<\/p>\n<p>&nbsp;<\/p>\n<p>F: Arbeiten Sie auch mit bestehende IT-Abteilungen zusammen?<\/p>\n<p style=\"padding-left: 40px;\">A: Selbstverst\u00e4ndlich! Wir verstehen uns als Erg\u00e4nzung zu Ihrer internen IT und unterst\u00fctzen dort, wo zus\u00e4tzliche Expertise oder Kapazit\u00e4ten ben\u00f6tigt werden. Wir bieten auch Entlastung bei Routine-Aufgaben, damit sich Ihre IT-Mitarbeiter auf strategische Projekte konzentrieren k\u00f6nnen.<\/p>\n<p>&nbsp;<\/p>\n<p>F: Welche Cloud L\u00f6sungen empfehlen Sie f\u00fcr mittelst\u00e4ndische Unternehmen?<\/p>\n<p style=\"padding-left: 40px;\">A: Wir setzen auf einen hybriden Ansatz, der die Vorteile von Public Cloud (wie Microsoft 365, Azure oder AWS) mit Private Cloud-L\u00f6sungen oder On-Premises-Systemen kombiniert. Die genaue Empfehlung h\u00e4ngt von Ihren Anforderungen an Datenschutz, Performance, Skalierbarkeit und Budget ab.<\/p>\n","protected":false},"excerpt":{"rendered":"","protected":false},"author":1,"featured_media":0,"parent":0,"menu_order":0,"comment_status":"closed","ping_status":"closed","template":"","meta":{"footnotes":""},"class_list":["post-85","page","type-page","status-publish","hentry"],"_links":{"self":[{"href":"https:\/\/komm-technik.altmannsberger.info\/index.php\/wp-json\/wp\/v2\/pages\/85","targetHints":{"allow":["GET"]}}],"collection":[{"href":"https:\/\/komm-technik.altmannsberger.info\/index.php\/wp-json\/wp\/v2\/pages"}],"about":[{"href":"https:\/\/komm-technik.altmannsberger.info\/index.php\/wp-json\/wp\/v2\/types\/page"}],"author":[{"embeddable":true,"href":"https:\/\/komm-technik.altmannsberger.info\/index.php\/wp-json\/wp\/v2\/users\/1"}],"replies":[{"embeddable":true,"href":"https:\/\/komm-technik.altmannsberger.info\/index.php\/wp-json\/wp\/v2\/comments?post=85"}],"version-history":[{"count":3,"href":"https:\/\/komm-technik.altmannsberger.info\/index.php\/wp-json\/wp\/v2\/pages\/85\/revisions"}],"predecessor-version":[{"id":88,"href":"https:\/\/komm-technik.altmannsberger.info\/index.php\/wp-json\/wp\/v2\/pages\/85\/revisions\/88"}],"wp:attachment":[{"href":"https:\/\/komm-technik.altmannsberger.info\/index.php\/wp-json\/wp\/v2\/media?parent=85"}],"curies":[{"name":"wp","href":"https:\/\/api.w.org\/{rel}","templated":true}]}}